{"id":51,"date":"2020-12-23T17:37:26","date_gmt":"2020-12-23T17:37:26","guid":{"rendered":"https:\/\/cg-en-milspe.de\/\/?page_id=51"},"modified":"2022-10-18T20:12:06","modified_gmt":"2022-10-18T18:12:06","slug":"ueber-uns","status":"publish","type":"page","link":"https:\/\/cg-en-milspe.de\/index.php\/ueber-uns\/","title":{"rendered":"\u00dcber uns"},"content":{"rendered":"\t\t<div data-elementor-type=\"wp-page\" data-elementor-id=\"51\" class=\"elementor elementor-51\">\n\t\t\t\t\t\t<section class=\"elementor-section elementor-top-section elementor-element elementor-element-f727f41 elementor-section-boxed elementor-section-height-default elementor-section-height-default\" data-id=\"f727f41\" data-element_type=\"section\" data-e-type=\"section\">\n\t\t\t\t\t\t<div class=\"elementor-container elementor-column-gap-default\">\n\t\t\t\t\t<div class=\"elementor-column elementor-col-100 elementor-top-column elementor-element elementor-element-5ce53dd\" data-id=\"5ce53dd\" data-element_type=\"column\" data-e-type=\"column\">\n\t\t\t<div class=\"elementor-widget-wrap elementor-element-populated\">\n\t\t\t\t\t\t<section class=\"elementor-section elementor-inner-section elementor-element elementor-element-588143e elementor-section-height-min-height animated-slow elementor-section-boxed elementor-section-height-default elementor-invisible\" data-id=\"588143e\" data-element_type=\"section\" data-e-type=\"section\" data-settings=\"{&quot;background_background&quot;:&quot;classic&quot;,&quot;animation&quot;:&quot;fadeIn&quot;}\">\n\t\t\t\t\t\t\t<div class=\"elementor-background-overlay\"><\/div>\n\t\t\t\t\t\t\t<div class=\"elementor-container elementor-column-gap-default\">\n\t\t\t\t\t<div class=\"elementor-column elementor-col-100 elementor-inner-column elementor-element elementor-element-cfc5942\" data-id=\"cfc5942\" data-element_type=\"column\" data-e-type=\"column\">\n\t\t\t<div class=\"elementor-widget-wrap\">\n\t\t\t\t\t\t\t<\/div>\n\t\t<\/div>\n\t\t\t\t\t<\/div>\n\t\t<\/section>\n\t\t\t\t\t<\/div>\n\t\t<\/div>\n\t\t\t\t\t<\/div>\n\t\t<\/section>\n\t\t\t\t<section class=\"elementor-section elementor-top-section elementor-element elementor-element-21156c4 elementor-section-boxed elementor-section-height-default elementor-section-height-default\" data-id=\"21156c4\" data-element_type=\"section\" data-e-type=\"section\">\n\t\t\t\t\t\t<div class=\"elementor-container elementor-column-gap-default\">\n\t\t\t\t\t<div class=\"elementor-column elementor-col-100 elementor-top-column elementor-element elementor-element-d34f440\" data-id=\"d34f440\" data-element_type=\"column\" data-e-type=\"column\" data-settings=\"{&quot;background_background&quot;:&quot;classic&quot;}\">\n\t\t\t<div class=\"elementor-widget-wrap elementor-element-populated\">\n\t\t\t\t\t\t<section class=\"elementor-section elementor-inner-section elementor-element elementor-element-d84f41e elementor-section-boxed elementor-section-height-default elementor-section-height-default\" data-id=\"d84f41e\" data-element_type=\"section\" data-e-type=\"section\">\n\t\t\t\t\t\t\t<div class=\"elementor-background-overlay\"><\/div>\n\t\t\t\t\t\t\t<div class=\"elementor-container elementor-column-gap-default\">\n\t\t\t\t\t<div class=\"elementor-column elementor-col-33 elementor-inner-column elementor-element elementor-element-4420998 elementor-invisible\" data-id=\"4420998\" data-element_type=\"column\" data-e-type=\"column\" data-settings=\"{&quot;background_background&quot;:&quot;classic&quot;,&quot;animation&quot;:&quot;fadeInLeft&quot;}\">\n\t\t\t<div class=\"elementor-widget-wrap elementor-element-populated\">\n\t\t\t\t\t<div class=\"elementor-background-overlay\"><\/div>\n\t\t\t\t\t\t<div class=\"elementor-element elementor-element-6965e15 elementor-widget elementor-widget-heading\" data-id=\"6965e15\" data-element_type=\"widget\" data-e-type=\"widget\" data-widget_type=\"heading.default\">\n\t\t\t\t<div class=\"elementor-widget-container\">\n\t\t\t\t\t<h2 class=\"elementor-heading-title elementor-size-default\"><a href=\"https:\/\/cg-en-milspe.de\/index.php\/ueber-uns\/#wir\">wer wir sind<\/a><\/h2>\t\t\t\t<\/div>\n\t\t\t\t<\/div>\n\t\t\t\t<div class=\"elementor-element elementor-element-e5165bd elementor-widget elementor-widget-image\" data-id=\"e5165bd\" data-element_type=\"widget\" data-e-type=\"widget\" data-widget_type=\"image.default\">\n\t\t\t\t<div class=\"elementor-widget-container\">\n\t\t\t\t\t\t\t\t\t\t\t\t\t\t\t\t<a href=\"https:\/\/cg-en-milspe.de\/index.php\/ueber-uns\/#wir\">\n\t\t\t\t\t\t\t<img fetchpriority=\"high\" decoding=\"async\" width=\"400\" height=\"252\" src=\"https:\/\/cg-en-milspe.de\/wp-content\/uploads\/2021\/01\/wer-wir-sind-button.jpg\" class=\"attachment-large size-large wp-image-3736\" alt=\"\" srcset=\"https:\/\/cg-en-milspe.de\/wp-content\/uploads\/2021\/01\/wer-wir-sind-button.jpg 400w, https:\/\/cg-en-milspe.de\/wp-content\/uploads\/2021\/01\/wer-wir-sind-button-300x189.jpg 300w\" sizes=\"(max-width: 400px) 100vw, 400px\" \/>\t\t\t\t\t\t\t\t<\/a>\n\t\t\t\t\t\t\t\t\t\t\t\t\t\t\t<\/div>\n\t\t\t\t<\/div>\n\t\t\t\t\t<\/div>\n\t\t<\/div>\n\t\t\t\t<div class=\"elementor-column elementor-col-33 elementor-inner-column elementor-element elementor-element-2bcc4a2 elementor-hidden-phone\" data-id=\"2bcc4a2\" data-element_type=\"column\" data-e-type=\"column\" data-settings=\"{&quot;background_background&quot;:&quot;classic&quot;}\">\n\t\t\t<div class=\"elementor-widget-wrap elementor-element-populated\">\n\t\t\t\t\t\t<div class=\"elementor-element elementor-element-8372cb0 elementor-invisible elementor-widget elementor-widget-heading\" data-id=\"8372cb0\" data-element_type=\"widget\" data-e-type=\"widget\" data-settings=\"{&quot;_animation&quot;:&quot;fadeIn&quot;}\" data-widget_type=\"heading.default\">\n\t\t\t\t<div class=\"elementor-widget-container\">\n\t\t\t\t\t<h2 class=\"elementor-heading-title elementor-size-default\">\u00fcber uns<\/h2>\t\t\t\t<\/div>\n\t\t\t\t<\/div>\n\t\t\t\t\t<\/div>\n\t\t<\/div>\n\t\t\t\t<div class=\"elementor-column elementor-col-33 elementor-inner-column elementor-element elementor-element-8678e49 elementor-invisible\" data-id=\"8678e49\" data-element_type=\"column\" data-e-type=\"column\" data-settings=\"{&quot;background_background&quot;:&quot;classic&quot;,&quot;animation&quot;:&quot;fadeInRight&quot;}\">\n\t\t\t<div class=\"elementor-widget-wrap elementor-element-populated\">\n\t\t\t\t\t<div class=\"elementor-background-overlay\"><\/div>\n\t\t\t\t\t\t<div class=\"elementor-element elementor-element-6e17407 elementor-widget elementor-widget-heading\" data-id=\"6e17407\" data-element_type=\"widget\" data-e-type=\"widget\" data-widget_type=\"heading.default\">\n\t\t\t\t<div class=\"elementor-widget-container\">\n\t\t\t\t\t<h2 class=\"elementor-heading-title elementor-size-default\"><a href=\"https:\/\/cg-en-milspe.de\/index.php\/ueber-uns\/#glauben\">was wir glauben<\/a><\/h2>\t\t\t\t<\/div>\n\t\t\t\t<\/div>\n\t\t\t\t<div class=\"elementor-element elementor-element-a58a4e9 elementor-widget elementor-widget-image\" data-id=\"a58a4e9\" data-element_type=\"widget\" data-e-type=\"widget\" data-widget_type=\"image.default\">\n\t\t\t\t<div class=\"elementor-widget-container\">\n\t\t\t\t\t\t\t\t\t\t\t\t\t\t\t\t<a href=\"https:\/\/cg-en-milspe.de\/index.php\/ueber-uns\/#glauben\">\n\t\t\t\t\t\t\t<img decoding=\"async\" width=\"400\" height=\"253\" src=\"https:\/\/cg-en-milspe.de\/wp-content\/uploads\/2021\/01\/was-wir-glauben-button.jpg\" class=\"attachment-large size-large wp-image-3737\" alt=\"\" srcset=\"https:\/\/cg-en-milspe.de\/wp-content\/uploads\/2021\/01\/was-wir-glauben-button.jpg 400w, https:\/\/cg-en-milspe.de\/wp-content\/uploads\/2021\/01\/was-wir-glauben-button-300x190.jpg 300w\" sizes=\"(max-width: 400px) 100vw, 400px\" \/>\t\t\t\t\t\t\t\t<\/a>\n\t\t\t\t\t\t\t\t\t\t\t\t\t\t\t<\/div>\n\t\t\t\t<\/div>\n\t\t\t\t\t<\/div>\n\t\t<\/div>\n\t\t\t\t\t<\/div>\n\t\t<\/section>\n\t\t\t\t\t<\/div>\n\t\t<\/div>\n\t\t\t\t\t<\/div>\n\t\t<\/section>\n\t\t\t\t<section class=\"elementor-section elementor-top-section elementor-element elementor-element-257588d elementor-section-boxed elementor-section-height-default elementor-section-height-default\" data-id=\"257588d\" data-element_type=\"section\" data-e-type=\"section\">\n\t\t\t\t\t\t<div class=\"elementor-container elementor-column-gap-default\">\n\t\t\t\t\t<div class=\"elementor-column elementor-col-100 elementor-top-column elementor-element elementor-element-1e7a718\" data-id=\"1e7a718\" data-element_type=\"column\" data-e-type=\"column\">\n\t\t\t<div class=\"elementor-widget-wrap elementor-element-populated\">\n\t\t\t\t\t\t<div class=\"elementor-element elementor-element-4bd024a elementor-widget-divider--view-line elementor-widget elementor-widget-divider\" data-id=\"4bd024a\" data-element_type=\"widget\" data-e-type=\"widget\" id=\"wir\" data-widget_type=\"divider.default\">\n\t\t\t\t<div class=\"elementor-widget-container\">\n\t\t\t\t\t\t\t<div class=\"elementor-divider\">\n\t\t\t<span class=\"elementor-divider-separator\">\n\t\t\t\t\t\t<\/span>\n\t\t<\/div>\n\t\t\t\t\t\t<\/div>\n\t\t\t\t<\/div>\n\t\t\t\t<section class=\"elementor-section elementor-inner-section elementor-element elementor-element-86b9fbf elementor-section-content-middle elementor-section-boxed elementor-section-height-default elementor-section-height-default\" data-id=\"86b9fbf\" data-element_type=\"section\" data-e-type=\"section\" data-settings=\"{&quot;background_background&quot;:&quot;classic&quot;}\">\n\t\t\t\t\t\t<div class=\"elementor-container elementor-column-gap-default\">\n\t\t\t\t\t<div class=\"elementor-column elementor-col-100 elementor-inner-column elementor-element elementor-element-13c82a3\" data-id=\"13c82a3\" data-element_type=\"column\" data-e-type=\"column\">\n\t\t\t<div class=\"elementor-widget-wrap elementor-element-populated\">\n\t\t\t\t\t\t<div class=\"elementor-element elementor-element-57621c3 elementor-widget elementor-widget-heading\" data-id=\"57621c3\" data-element_type=\"widget\" data-e-type=\"widget\" data-widget_type=\"heading.default\">\n\t\t\t\t<div class=\"elementor-widget-container\">\n\t\t\t\t\t<h2 class=\"elementor-heading-title elementor-size-default\">Wer wir sind<\/h2>\t\t\t\t<\/div>\n\t\t\t\t<\/div>\n\t\t\t\t<div class=\"elementor-element elementor-element-f545f53 elementor-widget elementor-widget-text-editor\" data-id=\"f545f53\" data-element_type=\"widget\" data-e-type=\"widget\" data-widget_type=\"text-editor.default\">\n\t\t\t\t<div class=\"elementor-widget-container\">\n\t\t\t\t\t\t\t\t\t<p>Als christliche Gemeinschaft z\u00e4hlen wir uns zur so genannten Br\u00fcderbewegung, die sich als Bibelbewegung versteht.<br \/>Br\u00fcdergemeinden entstanden um 1830 und sind heute in \u00fcber 100 L\u00e4ndern weltweit vertreten.<br \/>Die Anf\u00e4nge der Br\u00fcdergemeinde in Ennepetal liegen im ausgehenden 19. Jahrhundert<br \/>und seit 1924 treffen sich Christen in einem eigenen Gemeindehaus am Schwarzen Weg.<br \/>Das Leben als Christliche Gemeinde versuchen wir so zu praktizieren,<br \/>wie wir es den Aussagen des Neuen Testamentes der Bibel entnehmen.<br \/>Besondere Bedeutung hat f\u00fcr uns nach Apostelgeschichte 2,42 die biblische Lehre, die Gemeinschaft der Glaubensgeschwister,<br \/>das Gedenken an den Tod und die Auferstehung von Jesus Christus im Abendmahl und die gemeinsamen Gebete.<br \/>Wir wollen uns als Gemeinde daf\u00fcr einsetzen, dass alle Menschen zum lebendigen Glauben an Jesus Christus kommen.<br \/>Weiter ist es uns wichtig, dass jeder Einzelne im Glauben gef\u00f6rdert wird.<br \/>Diese Anliegen verfolgen wir zun\u00e4chst f\u00fcr unsere Stadt Ennepetal.<br \/>Dar\u00fcber hinaus unterst\u00fctzen wir verschiedene nationale und internationale missionarische und diakonische Werke.<\/p>\t\t\t\t\t\t\t\t<\/div>\n\t\t\t\t<\/div>\n\t\t\t\t<div class=\"elementor-element elementor-element-772c783 elementor-widget elementor-widget-text-editor\" data-id=\"772c783\" data-element_type=\"widget\" data-e-type=\"widget\" data-widget_type=\"text-editor.default\">\n\t\t\t\t<div class=\"elementor-widget-container\">\n\t\t\t\t\t\t\t\t\t<p><strong>Jeder ist herzlich eingeladen, das Leben als Gemeinde am Schwarzen Weg <\/strong><br \/><strong>mit all ihren Facetten n\u00e4her kennen zu lernen.<\/strong><\/p>\t\t\t\t\t\t\t\t<\/div>\n\t\t\t\t<\/div>\n\t\t\t\t\t<\/div>\n\t\t<\/div>\n\t\t\t\t\t<\/div>\n\t\t<\/section>\n\t\t\t\t<div class=\"elementor-element elementor-element-fe8b528 elementor-widget-divider--view-line elementor-widget elementor-widget-divider\" data-id=\"fe8b528\" data-element_type=\"widget\" data-e-type=\"widget\" id=\"glauben\" data-widget_type=\"divider.default\">\n\t\t\t\t<div class=\"elementor-widget-container\">\n\t\t\t\t\t\t\t<div class=\"elementor-divider\">\n\t\t\t<span class=\"elementor-divider-separator\">\n\t\t\t\t\t\t<\/span>\n\t\t<\/div>\n\t\t\t\t\t\t<\/div>\n\t\t\t\t<\/div>\n\t\t\t\t<section class=\"elementor-section elementor-inner-section elementor-element elementor-element-1a9a0c1 elementor-section-content-middle elementor-section-boxed elementor-section-height-default elementor-section-height-default\" data-id=\"1a9a0c1\" data-element_type=\"section\" data-e-type=\"section\" data-settings=\"{&quot;background_background&quot;:&quot;classic&quot;}\">\n\t\t\t\t\t\t<div class=\"elementor-container elementor-column-gap-default\">\n\t\t\t\t\t<div class=\"elementor-column elementor-col-100 elementor-inner-column elementor-element elementor-element-b005a9d\" data-id=\"b005a9d\" data-element_type=\"column\" data-e-type=\"column\">\n\t\t\t<div class=\"elementor-widget-wrap elementor-element-populated\">\n\t\t\t\t\t\t<div class=\"elementor-element elementor-element-09e7dee elementor-widget elementor-widget-heading\" data-id=\"09e7dee\" data-element_type=\"widget\" data-e-type=\"widget\" data-widget_type=\"heading.default\">\n\t\t\t\t<div class=\"elementor-widget-container\">\n\t\t\t\t\t<h2 class=\"elementor-heading-title elementor-size-default\">Was wir glauben<\/h2>\t\t\t\t<\/div>\n\t\t\t\t<\/div>\n\t\t\t\t<div class=\"elementor-element elementor-element-52dd84e elementor-widget elementor-widget-text-editor\" data-id=\"52dd84e\" data-element_type=\"widget\" data-e-type=\"widget\" data-widget_type=\"text-editor.default\">\n\t\t\t\t<div class=\"elementor-widget-container\">\n\t\t\t\t\t\t\t\t\t<p>Wir sind davon \u00fcberzeugt, dass die Bibel in ihrer Gesamtheit das Wort Gottes an uns Menschen ist.<br \/>In ihr zeigt sich Gott als Sch\u00f6pfer der Welt, und er stellt sein Verh\u00e4ltnis zu uns Menschen als seinen Gesch\u00f6pfen dar.<br \/>Unsere Glaubens\u00fcberzeugung leiten wir ausschlie\u00dflich aus den Aussagen der Bibel ab.<\/p>\t\t\t\t\t\t\t\t<\/div>\n\t\t\t\t<\/div>\n\t\t\t\t<div class=\"elementor-element elementor-element-34d83ea elementor-widget elementor-widget-text-editor\" data-id=\"34d83ea\" data-element_type=\"widget\" data-e-type=\"widget\" data-widget_type=\"text-editor.default\">\n\t\t\t\t<div class=\"elementor-widget-container\">\n\t\t\t\t\t\t\t\t\t<p><strong>Wir glauben&#8230;<\/strong><\/p>\t\t\t\t\t\t\t\t<\/div>\n\t\t\t\t<\/div>\n\t\t\t\t<div class=\"elementor-element elementor-element-e3d3772 elementor-widget elementor-widget-text-editor\" data-id=\"e3d3772\" data-element_type=\"widget\" data-e-type=\"widget\" data-widget_type=\"text-editor.default\">\n\t\t\t\t<div class=\"elementor-widget-container\">\n\t\t\t\t\t\t\t\t\t<p>&#8211; an den lebendigen Gott, der sich in der Bibel vorstellt.<br \/>&#8211; dass dieser Gott der Sch\u00f6pfer des ganzen Universums und allen Lebens ist \u2013 auch des Menschen.<br \/>&#8211; dass Gott den Menschen liebt und ewige Gemeinschaft mit ihm haben m\u00f6chte.<br \/>&#8211; dass Gott den Menschen mit einem freien Willen geschaffen hat, weil der Mensch aus freiem Willen ein Ja zu Gott finden soll.<\/p><p>Doch die ersten Menschen haben sich bewusst und willentlich gegen Gott gestellt und sein Gebot missachtet und \u00fcbertreten.<br \/>Dadurch wurde die anf\u00e4ngliche Beziehung zwischen Mensch und Gott zerst\u00f6rt.<br \/>Die Folge dieser \u00dcbertretung ist das physische Sterben aller Menschen und der ewige Tod \u2013<br \/>die ewige Trennung von Gott in der H\u00f6lle.<\/p>\t\t\t\t\t\t\t\t<\/div>\n\t\t\t\t<\/div>\n\t\t\t\t<div class=\"elementor-element elementor-element-1f755e2 elementor-widget elementor-widget-text-editor\" data-id=\"1f755e2\" data-element_type=\"widget\" data-e-type=\"widget\" data-widget_type=\"text-editor.default\">\n\t\t\t\t<div class=\"elementor-widget-container\">\n\t\t\t\t\t\t\t\t\t<p><strong>Wir glauben&#8230;<\/strong><\/p>\t\t\t\t\t\t\t\t<\/div>\n\t\t\t\t<\/div>\n\t\t\t\t<div class=\"elementor-element elementor-element-e0c400b elementor-widget elementor-widget-text-editor\" data-id=\"e0c400b\" data-element_type=\"widget\" data-e-type=\"widget\" data-widget_type=\"text-editor.default\">\n\t\t\t\t<div class=\"elementor-widget-container\">\n\t\t\t\t\t\t\t\t\t<p>&#8211; dass Gott den Menschen trotzdem liebt und die ewige Trennung von ihm nicht will.<br \/>&#8211; dass Gott deshalb seinen Sohn Jesus Christus auf diese Erde gesandt hat.<br \/>&#8211; dass Jesus Christus die Strafe, die wir alle verdient haben, auf sich genommen hat<br \/>\u00a0 und stellvertretend f\u00fcr uns am Kreuz gestorben ist.<br \/>&#8211; dass Jesus Christus auferstanden ist und alle Menschen, die an ihn und sein stellvertretendes Opfer glauben,<br \/>\u00a0 wie Jesus Christus, auferstehen werden.<br \/>&#8211; dass Jesus Christus zu Gott, seinem Vater, in den Himmel zur\u00fcckgegangen ist und ewig lebt.<\/p><p>Dieses ewige Leben \u2013 zur\u00fcck in seine Gemeinschaft \u2013 bietet Gott jedem Menschen an.<br \/>Durch den Glauben an Jesus Christus erhalten wir das ewige Leben<br \/>und d\u00fcrfen Gott als unseren liebenden Vater erkennen und erleben.<\/p>\t\t\t\t\t\t\t\t<\/div>\n\t\t\t\t<\/div>\n\t\t\t\t\t<\/div>\n\t\t<\/div>\n\t\t\t\t\t<\/div>\n\t\t<\/section>\n\t\t\t\t<div class=\"elementor-element elementor-element-03c9b44 elementor-widget-divider--view-line elementor-widget elementor-widget-divider\" data-id=\"03c9b44\" data-element_type=\"widget\" data-e-type=\"widget\" data-widget_type=\"divider.default\">\n\t\t\t\t<div class=\"elementor-widget-container\">\n\t\t\t\t\t\t\t<div class=\"elementor-divider\">\n\t\t\t<span class=\"elementor-divider-separator\">\n\t\t\t\t\t\t<\/span>\n\t\t<\/div>\n\t\t\t\t\t\t<\/div>\n\t\t\t\t<\/div>\n\t\t\t\t<section class=\"elementor-section elementor-inner-section elementor-element elementor-element-cedc85b elementor-section-content-middle elementor-section-boxed elementor-section-height-default elementor-section-height-default elementor-invisible\" data-id=\"cedc85b\" data-element_type=\"section\" data-e-type=\"section\" data-settings=\"{&quot;background_background&quot;:&quot;classic&quot;,&quot;animation&quot;:&quot;fadeInRight&quot;}\">\n\t\t\t\t\t\t<div class=\"elementor-container elementor-column-gap-default\">\n\t\t\t\t\t<div class=\"elementor-column elementor-col-100 elementor-inner-column elementor-element elementor-element-298a8eb\" data-id=\"298a8eb\" data-element_type=\"column\" data-e-type=\"column\" data-settings=\"{&quot;background_background&quot;:&quot;classic&quot;}\">\n\t\t\t<div class=\"elementor-widget-wrap elementor-element-populated\">\n\t\t\t\t\t\t<div class=\"elementor-element elementor-element-9d43e4c elementor-widget elementor-widget-heading\" data-id=\"9d43e4c\" data-element_type=\"widget\" data-e-type=\"widget\" data-widget_type=\"heading.default\">\n\t\t\t\t<div class=\"elementor-widget-container\">\n\t\t\t\t\t<h2 class=\"elementor-heading-title elementor-size-default\">In der Bibel lesen wir:<\/h2>\t\t\t\t<\/div>\n\t\t\t\t<\/div>\n\t\t\t\t<div class=\"elementor-element elementor-element-3f7a359 elementor-widget elementor-widget-text-editor\" data-id=\"3f7a359\" data-element_type=\"widget\" data-e-type=\"widget\" data-widget_type=\"text-editor.default\">\n\t\t\t\t<div class=\"elementor-widget-container\">\n\t\t\t\t\t\t\t\t\t<p>Denn Gott hat die Welt so sehr geliebt, dass er seinen einzigen Sohn hingab, damit jeder,<br \/>der an ihn glaubt, nicht verloren geht, sondern das ewiges Leben hat.\u00a0 <span style=\"color: #013c7d;\">(Johannes 3,16)<\/span><\/p><p>Jesus spricht: Ich bin der Weg und die Wahrheit und das Leben. <br \/>Niemand kommt zum Vater als nur durch mich.\u00a0 <span style=\"color: #013c7d;\">(Johannes 14,6)<\/span><\/p>\t\t\t\t\t\t\t\t<\/div>\n\t\t\t\t<\/div>\n\t\t\t\t\t<\/div>\n\t\t<\/div>\n\t\t\t\t\t<\/div>\n\t\t<\/section>\n\t\t\t\t<div class=\"elementor-element elementor-element-7eb1441 elementor-widget-divider--view-line elementor-widget elementor-widget-divider\" data-id=\"7eb1441\" data-element_type=\"widget\" data-e-type=\"widget\" data-widget_type=\"divider.default\">\n\t\t\t\t<div class=\"elementor-widget-container\">\n\t\t\t\t\t\t\t<div class=\"elementor-divider\">\n\t\t\t<span class=\"elementor-divider-separator\">\n\t\t\t\t\t\t<\/span>\n\t\t<\/div>\n\t\t\t\t\t\t<\/div>\n\t\t\t\t<\/div>\n\t\t\t\t\t<\/div>\n\t\t<\/div>\n\t\t\t\t\t<\/div>\n\t\t<\/section>\n\t\t\t\t<\/div>\n\t\t","protected":false},"excerpt":{"rendered":"<p>wer wir sind \u00fcber uns was wir glauben Wer wir sind Als christliche Gemeinschaft z\u00e4hlen wir uns zur so genannten Br\u00fcderbewegung, die sich als Bibelbewegung versteht.Br\u00fcdergemeinden entstanden um 1830 und sind heute in \u00fcber 100 L\u00e4ndern weltweit vertreten.Die Anf\u00e4nge der Br\u00fcdergemeinde in Ennepetal liegen im ausgehenden 19. Jahrhundertund seit 1924 treffen sich Christen in einem [&hellip;]<\/p>\n","protected":false},"author":1,"featured_media":0,"parent":0,"menu_order":0,"comment_status":"closed","ping_status":"closed","template":"","meta":{"footnotes":""},"class_list":["post-51","page","type-page","status-publish","hentry"],"_links":{"self":[{"href":"https:\/\/cg-en-milspe.de\/index.php\/wp-json\/wp\/v2\/pages\/51","targetHints":{"allow":["GET"]}}],"collection":[{"href":"https:\/\/cg-en-milspe.de\/index.php\/wp-json\/wp\/v2\/pages"}],"about":[{"href":"https:\/\/cg-en-milspe.de\/index.php\/wp-json\/wp\/v2\/types\/page"}],"author":[{"embeddable":true,"href":"https:\/\/cg-en-milspe.de\/index.php\/wp-json\/wp\/v2\/users\/1"}],"replies":[{"embeddable":true,"href":"https:\/\/cg-en-milspe.de\/index.php\/wp-json\/wp\/v2\/comments?post=51"}],"version-history":[{"count":0,"href":"https:\/\/cg-en-milspe.de\/index.php\/wp-json\/wp\/v2\/pages\/51\/revisions"}],"wp:attachment":[{"href":"https:\/\/cg-en-milspe.de\/index.php\/wp-json\/wp\/v2\/media?parent=51"}],"curies":[{"name":"wp","href":"https:\/\/api.w.org\/{rel}","templated":true}]}}